{"id":814,"date":"2025-09-14T09:14:09","date_gmt":"2025-09-14T07:14:09","guid":{"rendered":"https:\/\/soeurs-lumiere-lux.com\/?page_id=814"},"modified":"2025-09-14T10:28:41","modified_gmt":"2025-09-14T08:28:41","slug":"devenir-membre-2","status":"publish","type":"page","link":"https:\/\/soeurs-lumiere-lux.com\/index.php\/devenir-membre-2\/","title":{"rendered":"Devenir Membre"},"content":{"rendered":"\t\t<div data-elementor-type=\"wp-page\" data-elementor-id=\"814\" class=\"elementor elementor-814\">\n\t\t\t\t<div class=\"elementor-element elementor-element-e39e183 e-con-full e-flex e-con e-parent\" data-id=\"e39e183\" data-element_type=\"container\">\n\t\t\t\t<div class=\"elementor-element elementor-element-09f1c9b elementor-widget elementor-widget-heading\" data-id=\"09f1c9b\" data-element_type=\"widget\" data-widget_type=\"heading.default\">\n\t\t\t\t\t<h2 class=\"elementor-heading-title elementor-size-default\">Formulaire d'Adh\u00e9sion<\/h2>\t\t\t\t<\/div>\n\t\t\t\t<div class=\"elementor-element elementor-element-966cc11 elementor-widget elementor-widget-text-editor\" data-id=\"966cc11\" data-element_type=\"widget\" data-widget_type=\"text-editor.default\">\n\t\t\t\t\t\t\t\t\t<p>Au Conseil d\u2019Administration,<\/p>\n<p>Je souhaite devenir <strong>membre adh\u00e9rent<\/strong> de l\u2019association <strong>LES S\u0152URS DE LUMIERE asbl<\/strong>.<\/p>\n<p>J\u2019ai pris connaissance des statuts de l\u2019association qui pr\u00e9cisent les buts poursuivis ainsi que la proc\u00e9dure d\u2019adh\u00e9sion.<\/p>\n<p>Le Conseil d\u2019Administration statuera sur ma demande et me r\u00e9pondra au plus tard dans les trois mois apr\u00e8s avoir pris connaissance de ma demande. Cette d\u00e9cision me sera communiqu\u00e9e par \u00e9crit.<\/p>\n<p>La cotisation mensuelle est fix\u00e9e par l\u2019Assembl\u00e9e G\u00e9n\u00e9rale et est actuellement de<\/p>\n<p><strong>10<\/strong> <strong>eur (dix e<\/strong><strong>uros<\/strong><strong>)<\/strong><strong> par mois<\/strong>.<\/p>\n<p>\u00e0 payer sur le compte courant de l\u2019association\u00a0\u00a0\u00a0\u00a0\u00a0\u00a0\u00a0\u00a0\u00a0 <br \/><strong>IBAN : LU03 1111 7772 4884 0000\u00a0 &#8211;\u00a0 Code BIC : CCPLLULL<\/strong><\/p>\n<p>J\u2019ai bien not\u00e9 que seuls les membres actifs ont le droit de voter aux AG, apr\u00e8s avoir \u0153uvr\u00e9 pendant trois ans au sein de l\u2019association (art. 8 des statuts). \u00a0\u00a0 <br \/>Le non-paiement de la cotisation pendant 3 mois cons\u00e9cutifs me fait perdre la qualit\u00e9 de membre (art. 9 des statuts).<\/p>\t\t\t\t\t\t\t\t<\/div>\n\t\t\t\t<div class=\"elementor-element elementor-element-084b330 eael-wpforms-labels-yes eael-wpforms-form-button-custom elementor-widget elementor-widget-eael-wpforms\" data-id=\"084b330\" data-element_type=\"widget\" data-widget_type=\"eael-wpforms.default\">\n\t\t\t\t\t            <div class=\"eael-contact-form eael-wpforms eael-wpforms-align-default\">\n                                <div class=\"wpforms-container wpforms-container-full wpforms-render-modern\" id=\"wpforms-812\"><form id=\"wpforms-form-812\" class=\"wpforms-validate wpforms-form wpforms-ajax-form\" data-formid=\"812\" method=\"post\" enctype=\"multipart\/form-data\" action=\"\/index.php\/wp-json\/wp\/v2\/pages\/814\" data-token=\"4d81b61c63ac95340dda190c5b6e8510\" data-token-time=\"1776381865\"><div class=\"wpforms-head-container\"><div class=\"wpforms-title\">Devenir membre<\/div><div class=\"wpforms-description\">Il faut remplir ce formulaire pour devenir membre adh\u00e9rent de l\u2019association LES S\u0152URS DE LUMIERE asbl.<\/div><\/div><noscript class=\"wpforms-error-noscript\">Please enable JavaScript in your browser to complete this form.<\/noscript><div id=\"wpforms-error-noscript\" style=\"display: none;\">Please enable JavaScript in your browser to complete this form.<\/div><div class=\"wpforms-field-container\">\t\t<div id=\"wpforms-812-field_1-container\"\n\t\t\tclass=\"wpforms-field wpforms-field-text\"\n\t\t\tdata-field-type=\"text\"\n\t\t\tdata-field-id=\"1\"\n\t\t\t>\n\t\t\t<label class=\"wpforms-field-label\" for=\"wpforms-812-field_1\" >Profession Adresse Nationalit\u00e9<\/label>\n\t\t\t<input type=\"text\" id=\"wpforms-812-field_1\" class=\"wpforms-field-medium\" name=\"wpforms[fields][1]\" >\n\t\t<\/div>\n\t\t<div id=\"wpforms-812-field_2-container\" class=\"wpforms-field wpforms-field-text\" data-field-id=\"2\"><label class=\"wpforms-field-label\" for=\"wpforms-812-field_2\">Nom <span class=\"wpforms-required-label\" aria-hidden=\"true\">*<\/span><\/label><input type=\"text\" id=\"wpforms-812-field_2\" class=\"wpforms-field-small wpforms-field-required wpforms-limit-characters-enabled\" data-form-id=\"812\" data-field-id=\"2\" data-text-limit=\"50\" name=\"wpforms[fields][2]\" placeholder=\"John\" aria-errormessage=\"wpforms-812-field_2-error\" maxlength=\"50\" required><\/div><div id=\"wpforms-812-field_4-container\" class=\"wpforms-field wpforms-field-text\" data-field-id=\"4\"><label class=\"wpforms-field-label\" for=\"wpforms-812-field_4\">Pr\u00e9nom <span class=\"wpforms-required-label\" aria-hidden=\"true\">*<\/span><\/label><input type=\"text\" id=\"wpforms-812-field_4\" class=\"wpforms-field-small wpforms-field-required wpforms-limit-characters-enabled\" data-form-id=\"812\" data-field-id=\"4\" data-text-limit=\"50\" name=\"wpforms[fields][4]\" placeholder=\"Smith\" aria-errormessage=\"wpforms-812-field_4-error\" maxlength=\"50\" required><\/div><div id=\"wpforms-812-field_5-container\" class=\"wpforms-field wpforms-field-text\" data-field-id=\"5\"><label class=\"wpforms-field-label\" for=\"wpforms-812-field_5\">Nationalit\u00e9 <span class=\"wpforms-required-label\" aria-hidden=\"true\">*<\/span><\/label><input type=\"text\" id=\"wpforms-812-field_5\" class=\"wpforms-field-small wpforms-field-required wpforms-limit-characters-enabled\" data-form-id=\"812\" data-field-id=\"5\" data-text-limit=\"50\" name=\"wpforms[fields][5]\" placeholder=\"Luxembourgeois\" aria-errormessage=\"wpforms-812-field_5-error\" maxlength=\"50\" required><\/div><div id=\"wpforms-812-field_6-container\" class=\"wpforms-field wpforms-field-text\" data-field-id=\"6\"><label class=\"wpforms-field-label\" for=\"wpforms-812-field_6\">Profession <span class=\"wpforms-required-label\" aria-hidden=\"true\">*<\/span><\/label><input type=\"text\" id=\"wpforms-812-field_6\" class=\"wpforms-field-small wpforms-field-required wpforms-limit-characters-enabled\" data-form-id=\"812\" data-field-id=\"6\" data-text-limit=\"50\" name=\"wpforms[fields][6]\" placeholder=\"Comptable\" aria-errormessage=\"wpforms-812-field_6-error\" maxlength=\"50\" required><\/div><div id=\"wpforms-812-field_7-container\" class=\"wpforms-field wpforms-field-text\" data-field-id=\"7\"><label class=\"wpforms-field-label\" for=\"wpforms-812-field_7\">Adresse <span class=\"wpforms-required-label\" aria-hidden=\"true\">*<\/span><\/label><input type=\"text\" id=\"wpforms-812-field_7\" class=\"wpforms-field-small wpforms-field-required wpforms-limit-characters-enabled\" data-form-id=\"812\" data-field-id=\"7\" data-text-limit=\"100\" name=\"wpforms[fields][7]\" placeholder=\"12, rue de la Porte, Luxembourg \" aria-errormessage=\"wpforms-812-field_7-error\" maxlength=\"100\" required><\/div><div id=\"wpforms-812-field_8-container\" class=\"wpforms-field wpforms-field-text\" data-field-id=\"8\"><label class=\"wpforms-field-label\" for=\"wpforms-812-field_8\">T\u00e9l\u00e9phone <span class=\"wpforms-required-label\" aria-hidden=\"true\">*<\/span><\/label><input type=\"text\" id=\"wpforms-812-field_8\" class=\"wpforms-field-small wpforms-field-required wpforms-limit-characters-enabled\" data-form-id=\"812\" data-field-id=\"8\" data-text-limit=\"20\" name=\"wpforms[fields][8]\" placeholder=\"+352 487 781 870\" aria-errormessage=\"wpforms-812-field_8-error\" maxlength=\"20\" required><\/div><div id=\"wpforms-812-field_9-container\" class=\"wpforms-field wpforms-field-email\" data-field-id=\"9\"><label class=\"wpforms-field-label\" for=\"wpforms-812-field_9\">Email <span class=\"wpforms-required-label\" aria-hidden=\"true\">*<\/span><\/label><input type=\"email\" id=\"wpforms-812-field_9\" class=\"wpforms-field-small wpforms-field-required\" name=\"wpforms[fields][9]\" placeholder=\"john.smith@gmail.com\" spellcheck=\"false\" aria-errormessage=\"wpforms-812-field_9-error\" required><\/div><script>\n\t\t\t\t( function() {\n\t\t\t\t\tconst style = document.createElement( 'style' );\n\t\t\t\t\tstyle.appendChild( document.createTextNode( '#wpforms-812-field_1-container { position: absolute !important; overflow: hidden !important; display: inline !important; height: 1px !important; width: 1px !important; z-index: -1000 !important; padding: 0 !important; } #wpforms-812-field_1-container input { visibility: hidden; } #wpforms-conversational-form-page #wpforms-812-field_1-container label { counter-increment: none; }' ) );\n\t\t\t\t\tdocument.head.appendChild( style );\n\t\t\t\t\tdocument.currentScript?.remove();\n\t\t\t\t} )();\n\t\t\t<\/script><\/div><!-- .wpforms-field-container --><div class=\"wpforms-submit-container\" ><input type=\"hidden\" name=\"wpforms[id]\" value=\"812\"><input type=\"hidden\" name=\"page_title\" value=\"\"><input type=\"hidden\" name=\"page_url\" value=\"https:\/\/soeurs-lumiere-lux.com\/index.php\/wp-json\/wp\/v2\/pages\/814\"><input type=\"hidden\" name=\"url_referer\" value=\"\"><button type=\"submit\" name=\"wpforms[submit]\" id=\"wpforms-submit-812\" class=\"wpforms-submit\" data-alt-text=\"Envoi...\" data-submit-text=\"Envoyer\" aria-live=\"assertive\" value=\"wpforms-submit\">Envoyer<\/button><img decoding=\"async\" src=\"https:\/\/soeurs-lumiere-lux.com\/wp-content\/plugins\/wpforms-lite\/assets\/images\/submit-spin.svg\" class=\"wpforms-submit-spinner\" style=\"display: none;\" width=\"26\" height=\"26\" alt=\"Loading\"><\/div><\/form><\/div>  <!-- .wpforms-container -->            <\/div>\n\t\t\t\t<\/div>\n\t\t\t\t<\/div>\n\t\t\t\t<\/div>\n\t\t","protected":false},"excerpt":{"rendered":"<p>Formulaire d&#8217;Adh\u00e9sion Au Conseil d\u2019Administration, Je souhaite devenir membre adh\u00e9rent de l\u2019association LES S\u0152URS DE LUMIERE asbl. J\u2019ai pris connaissance [&hellip;]<\/p>\n","protected":false},"author":1,"featured_media":0,"parent":0,"menu_order":0,"comment_status":"closed","ping_status":"closed","template":"","meta":{"site-sidebar-layout":"default","site-content-layout":"","ast-site-content-layout":"default","site-content-style":"default","site-sidebar-style":"default","ast-global-header-display":"","ast-banner-title-visibility":"","ast-main-header-display":"","ast-hfb-above-header-display":"","ast-hfb-below-header-display":"","ast-hfb-mobile-header-display":"","site-post-title":"disabled","ast-breadcrumbs-content":"","ast-featured-img":"","footer-sml-layout":"","theme-transparent-header-meta":"","adv-header-id-meta":"","stick-header-meta":"","header-above-stick-meta":"","header-main-stick-meta":"","header-below-stick-meta":"","astra-migrate-meta-layouts":"default","ast-page-background-enabled":"default","ast-page-background-meta":{"desktop":{"background-color":"var(--ast-global-color-5)","background-image":"","background-repeat":"repeat","background-position":"center center","background-size":"auto","background-attachment":"scroll","background-type":"","background-media":"","overlay-type":"","overlay-color":"","overlay-opacity":"","overlay-gradient":""},"tablet":{"background-color":"","background-image":"","background-repeat":"repeat","background-position":"center center","background-size":"auto","background-attachment":"scroll","background-type":"","background-media":"","overlay-type":"","overlay-color":"","overlay-opacity":"","overlay-gradient":""},"mobile":{"background-color":"","background-image":"","background-repeat":"repeat","background-position":"center center","background-size":"auto","background-attachment":"scroll","background-type":"","background-media":"","overlay-type":"","overlay-color":"","overlay-opacity":"","overlay-gradient":""}},"ast-content-background-meta":{"desktop":{"background-color":"var(--ast-global-color-4)","background-image":"","background-repeat":"repeat","background-position":"center center","background-size":"auto","background-attachment":"scroll","background-type":"","background-media":"","overlay-type":"","overlay-color":"","overlay-opacity":"","overlay-gradient":""},"tablet":{"background-color":"var(--ast-global-color-4)","background-image":"","background-repeat":"repeat","background-position":"center center","background-size":"auto","background-attachment":"scroll","background-type":"","background-media":"","overlay-type":"","overlay-color":"","overlay-opacity":"","overlay-gradient":""},"mobile":{"background-color":"var(--ast-global-color-4)","background-image":"","background-repeat":"repeat","background-position":"center center","background-size":"auto","background-attachment":"scroll","background-type":"","background-media":"","overlay-type":"","overlay-color":"","overlay-opacity":"","overlay-gradient":""}},"footnotes":""},"class_list":["post-814","page","type-page","status-publish","hentry"],"_links":{"self":[{"href":"https:\/\/soeurs-lumiere-lux.com\/index.php\/wp-json\/wp\/v2\/pages\/814","targetHints":{"allow":["GET"]}}],"collection":[{"href":"https:\/\/soeurs-lumiere-lux.com\/index.php\/wp-json\/wp\/v2\/pages"}],"about":[{"href":"https:\/\/soeurs-lumiere-lux.com\/index.php\/wp-json\/wp\/v2\/types\/page"}],"author":[{"embeddable":true,"href":"https:\/\/soeurs-lumiere-lux.com\/index.php\/wp-json\/wp\/v2\/users\/1"}],"replies":[{"embeddable":true,"href":"https:\/\/soeurs-lumiere-lux.com\/index.php\/wp-json\/wp\/v2\/comments?post=814"}],"version-history":[{"count":10,"href":"https:\/\/soeurs-lumiere-lux.com\/index.php\/wp-json\/wp\/v2\/pages\/814\/revisions"}],"predecessor-version":[{"id":830,"href":"https:\/\/soeurs-lumiere-lux.com\/index.php\/wp-json\/wp\/v2\/pages\/814\/revisions\/830"}],"wp:attachment":[{"href":"https:\/\/soeurs-lumiere-lux.com\/index.php\/wp-json\/wp\/v2\/media?parent=814"}],"curies":[{"name":"wp","href":"https:\/\/api.w.org\/{rel}","templated":true}]}}