{"id":483,"date":"2025-07-23T21:06:34","date_gmt":"2025-07-23T19:06:34","guid":{"rendered":"https:\/\/soeurs-lumiere-lux.com\/?page_id=483"},"modified":"2025-09-11T16:45:01","modified_gmt":"2025-09-11T14:45:01","slug":"partenaires-sponsors","status":"publish","type":"page","link":"https:\/\/soeurs-lumiere-lux.com\/index.php\/partenaires-sponsors\/","title":{"rendered":"Partenaires &#038; Sponsors"},"content":{"rendered":"\t\t<div data-elementor-type=\"wp-page\" data-elementor-id=\"483\" class=\"elementor elementor-483\">\n\t\t\t\t<div class=\"elementor-element elementor-element-928e9a2 e-flex e-con-boxed e-con e-parent\" data-id=\"928e9a2\" data-element_type=\"container\">\n\t\t\t\t\t<div class=\"e-con-inner\">\n\t\t\t\t<div class=\"elementor-element elementor-element-c23a781 elementor-widget elementor-widget-heading\" data-id=\"c23a781\" data-element_type=\"widget\" data-widget_type=\"heading.default\">\n\t\t\t\t\t<h1 class=\"elementor-heading-title elementor-size-default\">Partenaires &amp; Sponsors<\/h1>\t\t\t\t<\/div>\n\t\t\t\t\t<\/div>\n\t\t\t\t<\/div>\n\t\t<div class=\"elementor-element elementor-element-0daa636 e-grid e-con-boxed e-con e-parent\" data-id=\"0daa636\" data-element_type=\"container\">\n\t\t\t\t\t<div class=\"e-con-inner\">\n\t\t<div class=\"elementor-element elementor-element-28b77cc e-con-full e-flex e-con e-child\" data-id=\"28b77cc\" data-element_type=\"container\">\n\t\t\t\t<div class=\"elementor-element elementor-element-e75dd3d elementor-widget elementor-widget-image\" data-id=\"e75dd3d\" data-element_type=\"widget\" data-widget_type=\"image.default\">\n\t\t\t\t\t\t\t\t\t\t\t\t\t\t\t<img decoding=\"async\" width=\"270\" height=\"102\" src=\"https:\/\/soeurs-lumiere-lux.com\/wp-content\/uploads\/2025\/07\/sigle-shoura.png\" class=\"attachment-large size-large wp-image-493\" alt=\"\" \/>\t\t\t\t\t\t\t\t\t\t\t\t\t\t\t<\/div>\n\t\t\t\t<div class=\"elementor-element elementor-element-20210e9 elementor-widget elementor-widget-heading\" data-id=\"20210e9\" data-element_type=\"widget\" data-widget_type=\"heading.default\">\n\t\t\t\t\t<h2 class=\"elementor-heading-title elementor-size-default\"><p>Assembl\u00e9e de la Communaut\u00e9 Musulmane du Grand-Duch\u00e9 de\nLuxembourg<span style=\"font-size: 2.2rem;letter-spacing: 0px\"><\/span><\/p><\/h2>\t\t\t\t<\/div>\n\t\t\t\t<div class=\"elementor-element elementor-element-50f9933 elementor-widget elementor-widget-text-editor\" data-id=\"50f9933\" data-element_type=\"widget\" data-widget_type=\"text-editor.default\">\n\t\t\t\t\t\t\t\t\t<p>La Shoura repr\u00e9sente la communaut\u00e9 musulmane au Grand-Duch\u00e9 de Luxembourg. Il s\u2019agit d\u2019une personne morale de droit public qui a sign\u00e9 une convention avec l\u2019\u00c9tat luxembourgeois en 2015. Actuellement, la Shoura regroupe onze centres islamiques r\u00e9partis sur l\u2019ensemble du territoire. Les membres de la Shoura sont \u00e9lus lors des \u00e9lections qui ont lieu tous les quatre ans.<\/p><p>Lien vers site SHOURA<br \/><a href=\"https:\/\/shoura.lu\/fr\/accueil\/\">Accueil &#8211; Shoura<\/a><br \/><a href=\"https:\/\/www.facebook.com\/shoura.lu\/\">Facebook<\/a><\/p>\t\t\t\t\t\t\t\t<\/div>\n\t\t\t\t<\/div>\n\t\t\t\t\t<\/div>\n\t\t\t\t<\/div>\n\t\t\t\t<\/div>\n\t\t","protected":false},"excerpt":{"rendered":"<p>Partenaires &amp; Sponsors Assembl\u00e9e de la Communaut\u00e9 Musulmane du Grand-Duch\u00e9 de Luxembourg La Shoura repr\u00e9sente la communaut\u00e9 musulmane au Grand-Duch\u00e9 [&hellip;]<\/p>\n","protected":false},"author":1,"featured_media":0,"parent":0,"menu_order":0,"comment_status":"closed","ping_status":"closed","template":"","meta":{"site-sidebar-layout":"no-sidebar","site-content-layout":"","ast-site-content-layout":"full-width-container","site-content-style":"default","site-sidebar-style":"default","ast-global-header-display":"","ast-banner-title-visibility":"","ast-main-header-display":"","ast-hfb-above-header-display":"","ast-hfb-below-header-display":"","ast-hfb-mobile-header-display":"","site-post-title":"disabled","ast-breadcrumbs-content":"","ast-featured-img":"disabled","footer-sml-layout":"","theme-transparent-header-meta":"","adv-header-id-meta":"","stick-header-meta":"","header-above-stick-meta":"","header-main-stick-meta":"","header-below-stick-meta":"","astra-migrate-meta-layouts":"default","ast-page-background-enabled":"default","ast-page-background-meta":{"desktop":{"background-color":"var(--ast-global-color-5)","background-image":"","background-repeat":"repeat","background-position":"center center","background-size":"auto","background-attachment":"scroll","background-type":"","background-media":"","overlay-type":"","overlay-color":"","overlay-opacity":"","overlay-gradient":""},"tablet":{"background-color":"","background-image":"","background-repeat":"repeat","background-position":"center center","background-size":"auto","background-attachment":"scroll","background-type":"","background-media":"","overlay-type":"","overlay-color":"","overlay-opacity":"","overlay-gradient":""},"mobile":{"background-color":"","background-image":"","background-repeat":"repeat","background-position":"center center","background-size":"auto","background-attachment":"scroll","background-type":"","background-media":"","overlay-type":"","overlay-color":"","overlay-opacity":"","overlay-gradient":""}},"ast-content-background-meta":{"desktop":{"background-color":"var(--ast-global-color-4)","background-image":"","background-repeat":"repeat","background-position":"center center","background-size":"auto","background-attachment":"scroll","background-type":"","background-media":"","overlay-type":"","overlay-color":"","overlay-opacity":"","overlay-gradient":""},"tablet":{"background-color":"var(--ast-global-color-4)","background-image":"","background-repeat":"repeat","background-position":"center center","background-size":"auto","background-attachment":"scroll","background-type":"","background-media":"","overlay-type":"","overlay-color":"","overlay-opacity":"","overlay-gradient":""},"mobile":{"background-color":"var(--ast-global-color-4)","background-image":"","background-repeat":"repeat","background-position":"center center","background-size":"auto","background-attachment":"scroll","background-type":"","background-media":"","overlay-type":"","overlay-color":"","overlay-opacity":"","overlay-gradient":""}},"footnotes":""},"class_list":["post-483","page","type-page","status-publish","hentry"],"_links":{"self":[{"href":"https:\/\/soeurs-lumiere-lux.com\/index.php\/wp-json\/wp\/v2\/pages\/483","targetHints":{"allow":["GET"]}}],"collection":[{"href":"https:\/\/soeurs-lumiere-lux.com\/index.php\/wp-json\/wp\/v2\/pages"}],"about":[{"href":"https:\/\/soeurs-lumiere-lux.com\/index.php\/wp-json\/wp\/v2\/types\/page"}],"author":[{"embeddable":true,"href":"https:\/\/soeurs-lumiere-lux.com\/index.php\/wp-json\/wp\/v2\/users\/1"}],"replies":[{"embeddable":true,"href":"https:\/\/soeurs-lumiere-lux.com\/index.php\/wp-json\/wp\/v2\/comments?post=483"}],"version-history":[{"count":24,"href":"https:\/\/soeurs-lumiere-lux.com\/index.php\/wp-json\/wp\/v2\/pages\/483\/revisions"}],"predecessor-version":[{"id":752,"href":"https:\/\/soeurs-lumiere-lux.com\/index.php\/wp-json\/wp\/v2\/pages\/483\/revisions\/752"}],"wp:attachment":[{"href":"https:\/\/soeurs-lumiere-lux.com\/index.php\/wp-json\/wp\/v2\/media?parent=483"}],"curies":[{"name":"wp","href":"https:\/\/api.w.org\/{rel}","templated":true}]}}