{"id":435,"date":"2025-07-23T20:32:19","date_gmt":"2025-07-23T18:32:19","guid":{"rendered":"https:\/\/soeurs-lumiere-lux.com\/?page_id=435"},"modified":"2025-09-11T17:19:03","modified_gmt":"2025-09-11T15:19:03","slug":"conseils-soutiens","status":"publish","type":"page","link":"https:\/\/soeurs-lumiere-lux.com\/index.php\/conseils-soutiens\/","title":{"rendered":"Conseils &#038; Soutiens"},"content":{"rendered":"\t\t<div data-elementor-type=\"wp-page\" data-elementor-id=\"435\" class=\"elementor elementor-435\">\n\t\t\t\t<div class=\"elementor-element elementor-element-928e9a2 e-flex e-con-boxed e-con e-parent\" data-id=\"928e9a2\" data-element_type=\"container\">\n\t\t\t\t\t<div class=\"e-con-inner\">\n\t\t\t\t<div class=\"elementor-element elementor-element-c23a781 elementor-widget elementor-widget-heading\" data-id=\"c23a781\" data-element_type=\"widget\" data-widget_type=\"heading.default\">\n\t\t\t\t\t<h1 class=\"elementor-heading-title elementor-size-default\">Conseils &amp; Soutiens<\/h1>\t\t\t\t<\/div>\n\t\t\t\t\t<\/div>\n\t\t\t\t<\/div>\n\t\t<div class=\"elementor-element elementor-element-0daa636 e-grid e-con-boxed e-con e-parent\" data-id=\"0daa636\" data-element_type=\"container\">\n\t\t\t\t\t<div class=\"e-con-inner\">\n\t\t<div class=\"elementor-element elementor-element-9b29318 e-flex e-con-boxed e-con e-child\" data-id=\"9b29318\" data-element_type=\"container\">\n\t\t\t\t\t<div class=\"e-con-inner\">\n\t\t\t\t<div class=\"elementor-element elementor-element-0ebe7d2 elementor-widget elementor-widget-text-editor\" data-id=\"0ebe7d2\" data-element_type=\"widget\" data-widget_type=\"text-editor.default\">\n\t\t\t\t\t\t\t\t\t<p>\u00catre seule face aux d\u00e9fis du quotidien n\u2019est jamais facile. C\u2019est pourquoi notre association met en place un <strong>espace d\u2019\u00e9coute, de conseils et de solidarit\u00e9<\/strong> d\u00e9di\u00e9 aux <strong>femmes seules ou avec enfants<\/strong>.<\/p><h3><strong>\ud83e\udd1d<\/strong><strong> Nos objectifs :<\/strong><\/h3><ul><li><strong>Briser l\u2019isolement<\/strong><\/li><li><strong>Apporter un soutien moral et pratique<\/strong><\/li><li><strong>Favoriser l\u2019autonomie et l\u2019estime de soi<\/strong><\/li><li><strong>Cr\u00e9er un r\u00e9seau solidaire entre femmes<\/strong><\/li><\/ul><h3><strong>\ud83d\udccc<\/strong><strong> Nos actions concr\u00e8tes :<\/strong><\/h3><p>\ud83d\udd39 <strong>\u00c9coute individuelle<\/strong> et accompagnement personnalis\u00e9<br \/>\ud83d\udd39 <strong>Ateliers d&#8217;information<\/strong> (droits, logement, sant\u00e9, parentalit\u00e9, emploi\u2026)<br \/>\ud83d\udd39 <strong>Groupes de parole<\/strong> entre femmes, dans la bienveillance<br \/>\ud83d\udd39 <strong>Aide administrative<\/strong> et orientation vers les bons services<br \/>\ud83d\udd39 <strong>Espace enfants<\/strong> lors des rencontres<br \/>\ud83d\udd39 <strong>Dons ou \u00e9changes d\u2019articles<\/strong> (v\u00eatements, jouets, mat\u00e9riel de pu\u00e9riculture)<br \/>\ud83d\udd39 <strong>Soutien psychologique<\/strong> avec des professionnelles b\u00e9n\u00e9voles (selon disponibilit\u00e9)<\/p><h3><strong>\ud83d\udd4a\ufe0f<\/strong><strong> Pour qui ?<\/strong><\/h3><ul><li>Femmes seules ou en rupture familiale<\/li><li>M\u00e8res c\u00e9libataires ou jeunes mamans isol\u00e9es<\/li><li>Toute femme ayant besoin d\u2019un soutien ponctuel ou r\u00e9gulier<\/li><\/ul><h3>\ud83c\udf38 <strong>Tu n\u2019es pas seule. Ensemble, on avance plus loin.<\/strong><\/h3>\t\t\t\t\t\t\t\t<\/div>\n\t\t\t\t\t<\/div>\n\t\t\t\t<\/div>\n\t\t<div class=\"elementor-element elementor-element-8a11c6a e-flex e-con-boxed e-con e-child\" data-id=\"8a11c6a\" data-element_type=\"container\">\n\t\t\t\t\t<div class=\"e-con-inner\">\n\t\t\t\t\t<\/div>\n\t\t\t\t<\/div>\n\t\t<div class=\"elementor-element elementor-element-03b7af1 e-flex e-con-boxed e-con e-child\" data-id=\"03b7af1\" data-element_type=\"container\">\n\t\t\t\t\t<div class=\"e-con-inner\">\n\t\t\t\t\t<\/div>\n\t\t\t\t<\/div>\n\t\t<div class=\"elementor-element elementor-element-28b77cc e-con-full e-flex e-con e-child\" data-id=\"28b77cc\" data-element_type=\"container\">\n\t\t\t\t<\/div>\n\t\t<div class=\"elementor-element elementor-element-564ed46 e-con-full e-flex e-con e-child\" data-id=\"564ed46\" data-element_type=\"container\">\n\t\t\t\t<\/div>\n\t\t<div class=\"elementor-element elementor-element-0d2a148 e-con-full e-flex e-con e-child\" data-id=\"0d2a148\" data-element_type=\"container\">\n\t\t\t\t<\/div>\n\t\t<div class=\"elementor-element elementor-element-788ac57 e-con-full e-flex e-con e-child\" data-id=\"788ac57\" data-element_type=\"container\">\n\t\t\t\t<\/div>\n\t\t\t\t\t<\/div>\n\t\t\t\t<\/div>\n\t\t<div class=\"elementor-element elementor-element-eef0e04 e-flex e-con-boxed e-con e-parent\" data-id=\"eef0e04\" data-element_type=\"container\">\n\t\t\t\t\t<div class=\"e-con-inner\">\n\t\t\t\t\t<\/div>\n\t\t\t\t<\/div>\n\t\t\t\t<\/div>\n\t\t","protected":false},"excerpt":{"rendered":"<p>Conseils &amp; Soutiens \u00catre seule face aux d\u00e9fis du quotidien n\u2019est jamais facile. C\u2019est pourquoi notre association met en place [&hellip;]<\/p>\n","protected":false},"author":1,"featured_media":0,"parent":0,"menu_order":0,"comment_status":"closed","ping_status":"closed","template":"","meta":{"site-sidebar-layout":"no-sidebar","site-content-layout":"","ast-site-content-layout":"full-width-container","site-content-style":"default","site-sidebar-style":"default","ast-global-header-display":"","ast-banner-title-visibility":"","ast-main-header-display":"","ast-hfb-above-header-display":"","ast-hfb-below-header-display":"","ast-hfb-mobile-header-display":"","site-post-title":"disabled","ast-breadcrumbs-content":"","ast-featured-img":"disabled","footer-sml-layout":"","theme-transparent-header-meta":"","adv-header-id-meta":"","stick-header-meta":"","header-above-stick-meta":"","header-main-stick-meta":"","header-below-stick-meta":"","astra-migrate-meta-layouts":"default","ast-page-background-enabled":"default","ast-page-background-meta":{"desktop":{"background-color":"var(--ast-global-color-5)","background-image":"","background-repeat":"repeat","background-position":"center center","background-size":"auto","background-attachment":"scroll","background-type":"","background-media":"","overlay-type":"","overlay-color":"","overlay-opacity":"","overlay-gradient":""},"tablet":{"background-color":"","background-image":"","background-repeat":"repeat","background-position":"center center","background-size":"auto","background-attachment":"scroll","background-type":"","background-media":"","overlay-type":"","overlay-color":"","overlay-opacity":"","overlay-gradient":""},"mobile":{"background-color":"","background-image":"","background-repeat":"repeat","background-position":"center center","background-size":"auto","background-attachment":"scroll","background-type":"","background-media":"","overlay-type":"","overlay-color":"","overlay-opacity":"","overlay-gradient":""}},"ast-content-background-meta":{"desktop":{"background-color":"var(--ast-global-color-4)","background-image":"","background-repeat":"repeat","background-position":"center center","background-size":"auto","background-attachment":"scroll","background-type":"","background-media":"","overlay-type":"","overlay-color":"","overlay-opacity":"","overlay-gradient":""},"tablet":{"background-color":"var(--ast-global-color-4)","background-image":"","background-repeat":"repeat","background-position":"center center","background-size":"auto","background-attachment":"scroll","background-type":"","background-media":"","overlay-type":"","overlay-color":"","overlay-opacity":"","overlay-gradient":""},"mobile":{"background-color":"var(--ast-global-color-4)","background-image":"","background-repeat":"repeat","background-position":"center center","background-size":"auto","background-attachment":"scroll","background-type":"","background-media":"","overlay-type":"","overlay-color":"","overlay-opacity":"","overlay-gradient":""}},"footnotes":""},"class_list":["post-435","page","type-page","status-publish","hentry"],"_links":{"self":[{"href":"https:\/\/soeurs-lumiere-lux.com\/index.php\/wp-json\/wp\/v2\/pages\/435","targetHints":{"allow":["GET"]}}],"collection":[{"href":"https:\/\/soeurs-lumiere-lux.com\/index.php\/wp-json\/wp\/v2\/pages"}],"about":[{"href":"https:\/\/soeurs-lumiere-lux.com\/index.php\/wp-json\/wp\/v2\/types\/page"}],"author":[{"embeddable":true,"href":"https:\/\/soeurs-lumiere-lux.com\/index.php\/wp-json\/wp\/v2\/users\/1"}],"replies":[{"embeddable":true,"href":"https:\/\/soeurs-lumiere-lux.com\/index.php\/wp-json\/wp\/v2\/comments?post=435"}],"version-history":[{"count":15,"href":"https:\/\/soeurs-lumiere-lux.com\/index.php\/wp-json\/wp\/v2\/pages\/435\/revisions"}],"predecessor-version":[{"id":787,"href":"https:\/\/soeurs-lumiere-lux.com\/index.php\/wp-json\/wp\/v2\/pages\/435\/revisions\/787"}],"wp:attachment":[{"href":"https:\/\/soeurs-lumiere-lux.com\/index.php\/wp-json\/wp\/v2\/media?parent=435"}],"curies":[{"name":"wp","href":"https:\/\/api.w.org\/{rel}","templated":true}]}}