{"id":433,"date":"2025-07-23T20:32:11","date_gmt":"2025-07-23T18:32:11","guid":{"rendered":"https:\/\/soeurs-lumiere-lux.com\/?page_id=433"},"modified":"2025-09-11T17:25:43","modified_gmt":"2025-09-11T15:25:43","slug":"actions-solidarite","status":"publish","type":"page","link":"https:\/\/soeurs-lumiere-lux.com\/index.php\/actions-solidarite\/","title":{"rendered":"Actions solidarit\u00e9"},"content":{"rendered":"\t\t<div data-elementor-type=\"wp-page\" data-elementor-id=\"433\" class=\"elementor elementor-433\">\n\t\t\t\t<div class=\"elementor-element elementor-element-928e9a2 e-flex e-con-boxed e-con e-parent\" data-id=\"928e9a2\" data-element_type=\"container\">\n\t\t\t\t\t<div class=\"e-con-inner\">\n\t\t\t\t<div class=\"elementor-element elementor-element-c23a781 elementor-widget elementor-widget-heading\" data-id=\"c23a781\" data-element_type=\"widget\" data-widget_type=\"heading.default\">\n\t\t\t\t\t<h1 class=\"elementor-heading-title elementor-size-default\">Actions sociales et solidarit\u00e9<\/h1>\t\t\t\t<\/div>\n\t\t\t\t\t<\/div>\n\t\t\t\t<\/div>\n\t\t<div class=\"elementor-element elementor-element-0daa636 e-grid e-con-boxed e-con e-parent\" data-id=\"0daa636\" data-element_type=\"container\">\n\t\t\t\t\t<div class=\"e-con-inner\">\n\t\t<div class=\"elementor-element elementor-element-9b29318 e-flex e-con-boxed e-con e-child\" data-id=\"9b29318\" data-element_type=\"container\">\n\t\t\t\t\t<div class=\"e-con-inner\">\n\t\t\t\t<div class=\"elementor-element elementor-element-0ebe7d2 elementor-widget elementor-widget-text-editor\" data-id=\"0ebe7d2\" data-element_type=\"widget\" data-widget_type=\"text-editor.default\">\n\t\t\t\t\t\t\t\t\t<p data-start=\"407\" data-end=\"673\">Notre association \u0153uvre avec conviction pour cr\u00e9er un <strong data-start=\"470\" data-end=\"503\">r\u00e9seau solidaire entre femmes<\/strong>, tout en agissant activement au c\u0153ur de la soci\u00e9t\u00e9. \u00c0 travers nos <strong data-start=\"570\" data-end=\"604\">actions sociales et solidaires<\/strong>, nous semons des graines de bienveillance, de justice et de dignit\u00e9.<\/p><h2 data-start=\"680\" data-end=\"721\">\ud83e\udd1d Nos Actions Sociales et Solidaires<\/h2><h3 data-start=\"723\" data-end=\"782\">\ud83c\udf38 1. <strong data-start=\"734\" data-end=\"782\">Soutien aux femmes en situation de pr\u00e9carit\u00e9<\/strong><\/h3><ul data-start=\"783\" data-end=\"941\"><li data-start=\"783\" data-end=\"823\"><p data-start=\"785\" data-end=\"823\">Aide morale, administrative et sociale<\/p><\/li><li data-start=\"824\" data-end=\"880\"><p data-start=\"826\" data-end=\"880\">Accompagnement des m\u00e8res c\u00e9libataires ou femmes seules<\/p><\/li><li data-start=\"881\" data-end=\"941\"><p data-start=\"883\" data-end=\"941\">Groupes de parole, \u00e9coute active, ateliers d\u2019estime de soi<\/p><\/li><\/ul><h3 data-start=\"943\" data-end=\"995\">\ud83c\udf81 2. <strong data-start=\"954\" data-end=\"995\">Collectes et distributions solidaires<\/strong><\/h3><ul data-start=\"996\" data-end=\"1180\"><li data-start=\"996\" data-end=\"1057\"><p data-start=\"998\" data-end=\"1057\">V\u00eatements, denr\u00e9es alimentaires, produits d\u2019hygi\u00e8ne, jouets<\/p><\/li><li data-start=\"1058\" data-end=\"1120\"><p data-start=\"1060\" data-end=\"1120\">Kits de rentr\u00e9e scolaire, colis de naissance ou de maternit\u00e9<\/p><\/li><li data-start=\"1121\" data-end=\"1180\"><p data-start=\"1123\" data-end=\"1180\">Campagnes sp\u00e9cifiques pendant Ramadan, hiver, f\u00eates, etc.<\/p><\/li><\/ul><h3 data-start=\"1182\" data-end=\"1215\">\ud83c\udfe5 3. <strong data-start=\"1193\" data-end=\"1215\">Visites solidaires<\/strong><\/h3><ul data-start=\"1216\" data-end=\"1403\"><li data-start=\"1216\" data-end=\"1272\"><p data-start=\"1218\" data-end=\"1272\">H\u00f4pitaux : r\u00e9confort aux malades, femmes hospitalis\u00e9es<\/p><\/li><li data-start=\"1273\" data-end=\"1338\"><p data-start=\"1275\" data-end=\"1338\">Maisons de retraite : \u00e9change interg\u00e9n\u00e9rationnel avec les a\u00een\u00e9s<\/p><\/li><li data-start=\"1339\" data-end=\"1403\"><p data-start=\"1341\" data-end=\"1403\">Orphelinats et foyers : animations, dons et pr\u00e9sence affective<\/p><\/li><\/ul><h3 data-start=\"1405\" data-end=\"1475\">\ud83d\udc69\u200d\ud83c\udfeb 4. <strong data-start=\"1419\" data-end=\"1475\">\u00c9ducation, sensibilisation &amp; d\u00e9veloppement personnel<\/strong><\/h3><ul data-start=\"1476\" data-end=\"1689\"><li data-start=\"1476\" data-end=\"1568\"><p data-start=\"1478\" data-end=\"1568\">S\u00e9minaires mensuels sur les droits des femmes, la parentalit\u00e9, la sant\u00e9, l\u2019entrepreneuriat<\/p><\/li><li data-start=\"1569\" data-end=\"1637\"><p data-start=\"1571\" data-end=\"1637\">Ateliers pratiques : couture, langue, gestion de budget, bien-\u00eatre<\/p><\/li><li data-start=\"1638\" data-end=\"1689\"><p data-start=\"1640\" data-end=\"1689\">Accompagnement vers l\u2019autonomie et l\u2019\u00e9mancipation<\/p><\/li><\/ul><h3 data-start=\"1691\" data-end=\"1745\">\ud83d\udc6b 5. <strong data-start=\"1702\" data-end=\"1745\">Soutien \u00e0 la parentalit\u00e9 &amp; aux familles<\/strong><\/h3><ul data-start=\"1746\" data-end=\"1881\"><li data-start=\"1746\" data-end=\"1789\"><p data-start=\"1748\" data-end=\"1789\">Activit\u00e9s m\u00e8re-enfant, sorties \u00e9ducatives<\/p><\/li><li data-start=\"1790\" data-end=\"1848\"><p data-start=\"1792\" data-end=\"1848\">Conseils en \u00e9ducation, nutrition, organisation familiale<\/p><\/li><li data-start=\"1849\" data-end=\"1881\"><p data-start=\"1851\" data-end=\"1881\">R\u00e9seau d&#8217;entraide entre mamans<\/p><\/li><\/ul><h3 data-start=\"1883\" data-end=\"1933\">\ud83e\uddd5 6. <strong data-start=\"1894\" data-end=\"1933\">Engagement communautaire et citoyen<\/strong><\/h3><ul data-start=\"1934\" data-end=\"2097\"><li data-start=\"1934\" data-end=\"1987\"><p data-start=\"1936\" data-end=\"1987\">Sensibilisation aux causes sociales et humanitaires<\/p><\/li><li data-start=\"1988\" data-end=\"2037\"><p data-start=\"1990\" data-end=\"2037\">Actions inter-associatives et campagnes locales<\/p><\/li><li data-start=\"2038\" data-end=\"2097\"><p data-start=\"2040\" data-end=\"2097\">Mobilisation lors de situations d\u2019urgence ou catastrophes<\/p><\/li><\/ul><h3>\ud83d\udccd Notre mission :<\/h3><p data-start=\"2127\" data-end=\"2286\">Apporter un <strong data-start=\"2139\" data-end=\"2177\">soutien concret, humain et durable<\/strong> aux femmes et familles en difficult\u00e9, tout en construisant une <strong data-start=\"2241\" data-end=\"2285\">communaut\u00e9 unie, active et bienveillante<\/strong>.<\/p><h3 data-start=\"2293\" data-end=\"2398\">\ud83d\udce3 <strong data-start=\"2296\" data-end=\"2316\">Rejoignez-nous !<\/strong><\/h3><p data-start=\"2293\" data-end=\"2398\">Que vous soyez b\u00e9n\u00e9ficiaire, b\u00e9n\u00e9vole ou partenaire, votre place est avec nous.<\/p><h3 data-start=\"2512\" data-end=\"2621\"><strong data-start=\"2515\" data-end=\"2621\">Une femme soutenue, c\u2019est une famille qui respire. Une action solidaire, c\u2019est une soci\u00e9t\u00e9 qui avance. <\/strong>\ud83d\ude4f<\/h3>\t\t\t\t\t\t\t\t<\/div>\n\t\t\t\t\t<\/div>\n\t\t\t\t<\/div>\n\t\t<div class=\"elementor-element elementor-element-8a11c6a e-flex e-con-boxed e-con e-child\" data-id=\"8a11c6a\" data-element_type=\"container\">\n\t\t\t\t\t<div class=\"e-con-inner\">\n\t\t\t\t\t<\/div>\n\t\t\t\t<\/div>\n\t\t<div class=\"elementor-element elementor-element-03b7af1 e-flex e-con-boxed e-con e-child\" data-id=\"03b7af1\" data-element_type=\"container\">\n\t\t\t\t\t<div class=\"e-con-inner\">\n\t\t\t\t\t<\/div>\n\t\t\t\t<\/div>\n\t\t<div class=\"elementor-element elementor-element-28b77cc e-con-full e-flex e-con e-child\" data-id=\"28b77cc\" data-element_type=\"container\">\n\t\t\t\t<\/div>\n\t\t<div class=\"elementor-element elementor-element-564ed46 e-con-full e-flex e-con e-child\" data-id=\"564ed46\" data-element_type=\"container\">\n\t\t\t\t<\/div>\n\t\t<div class=\"elementor-element elementor-element-0d2a148 e-con-full e-flex e-con e-child\" data-id=\"0d2a148\" data-element_type=\"container\">\n\t\t\t\t<\/div>\n\t\t<div class=\"elementor-element elementor-element-788ac57 e-con-full e-flex e-con e-child\" data-id=\"788ac57\" data-element_type=\"container\">\n\t\t\t\t<\/div>\n\t\t\t\t\t<\/div>\n\t\t\t\t<\/div>\n\t\t\t\t<\/div>\n\t\t","protected":false},"excerpt":{"rendered":"<p>Actions sociales et solidarit\u00e9 Notre association \u0153uvre avec conviction pour cr\u00e9er un r\u00e9seau solidaire entre femmes, tout en agissant activement [&hellip;]<\/p>\n","protected":false},"author":1,"featured_media":0,"parent":0,"menu_order":0,"comment_status":"closed","ping_status":"closed","template":"","meta":{"site-sidebar-layout":"no-sidebar","site-content-layout":"","ast-site-content-layout":"full-width-container","site-content-style":"default","site-sidebar-style":"default","ast-global-header-display":"","ast-banner-title-visibility":"","ast-main-header-display":"","ast-hfb-above-header-display":"","ast-hfb-below-header-display":"","ast-hfb-mobile-header-display":"","site-post-title":"disabled","ast-breadcrumbs-content":"","ast-featured-img":"disabled","footer-sml-layout":"","theme-transparent-header-meta":"","adv-header-id-meta":"","stick-header-meta":"","header-above-stick-meta":"","header-main-stick-meta":"","header-below-stick-meta":"","astra-migrate-meta-layouts":"default","ast-page-background-enabled":"default","ast-page-background-meta":{"desktop":{"background-color":"var(--ast-global-color-5)","background-image":"","background-repeat":"repeat","background-position":"center center","background-size":"auto","background-attachment":"scroll","background-type":"","background-media":"","overlay-type":"","overlay-color":"","overlay-opacity":"","overlay-gradient":""},"tablet":{"background-color":"","background-image":"","background-repeat":"repeat","background-position":"center center","background-size":"auto","background-attachment":"scroll","background-type":"","background-media":"","overlay-type":"","overlay-color":"","overlay-opacity":"","overlay-gradient":""},"mobile":{"background-color":"","background-image":"","background-repeat":"repeat","background-position":"center center","background-size":"auto","background-attachment":"scroll","background-type":"","background-media":"","overlay-type":"","overlay-color":"","overlay-opacity":"","overlay-gradient":""}},"ast-content-background-meta":{"desktop":{"background-color":"var(--ast-global-color-4)","background-image":"","background-repeat":"repeat","background-position":"center center","background-size":"auto","background-attachment":"scroll","background-type":"","background-media":"","overlay-type":"","overlay-color":"","overlay-opacity":"","overlay-gradient":""},"tablet":{"background-color":"var(--ast-global-color-4)","background-image":"","background-repeat":"repeat","background-position":"center center","background-size":"auto","background-attachment":"scroll","background-type":"","background-media":"","overlay-type":"","overlay-color":"","overlay-opacity":"","overlay-gradient":""},"mobile":{"background-color":"var(--ast-global-color-4)","background-image":"","background-repeat":"repeat","background-position":"center center","background-size":"auto","background-attachment":"scroll","background-type":"","background-media":"","overlay-type":"","overlay-color":"","overlay-opacity":"","overlay-gradient":""}},"footnotes":""},"class_list":["post-433","page","type-page","status-publish","hentry"],"_links":{"self":[{"href":"https:\/\/soeurs-lumiere-lux.com\/index.php\/wp-json\/wp\/v2\/pages\/433","targetHints":{"allow":["GET"]}}],"collection":[{"href":"https:\/\/soeurs-lumiere-lux.com\/index.php\/wp-json\/wp\/v2\/pages"}],"about":[{"href":"https:\/\/soeurs-lumiere-lux.com\/index.php\/wp-json\/wp\/v2\/types\/page"}],"author":[{"embeddable":true,"href":"https:\/\/soeurs-lumiere-lux.com\/index.php\/wp-json\/wp\/v2\/users\/1"}],"replies":[{"embeddable":true,"href":"https:\/\/soeurs-lumiere-lux.com\/index.php\/wp-json\/wp\/v2\/comments?post=433"}],"version-history":[{"count":12,"href":"https:\/\/soeurs-lumiere-lux.com\/index.php\/wp-json\/wp\/v2\/pages\/433\/revisions"}],"predecessor-version":[{"id":796,"href":"https:\/\/soeurs-lumiere-lux.com\/index.php\/wp-json\/wp\/v2\/pages\/433\/revisions\/796"}],"wp:attachment":[{"href":"https:\/\/soeurs-lumiere-lux.com\/index.php\/wp-json\/wp\/v2\/media?parent=433"}],"curies":[{"name":"wp","href":"https:\/\/api.w.org\/{rel}","templated":true}]}}