{"id":432,"date":"2025-07-23T20:32:08","date_gmt":"2025-07-23T18:32:08","guid":{"rendered":"https:\/\/soeurs-lumiere-lux.com\/?page_id=432"},"modified":"2025-09-11T17:27:04","modified_gmt":"2025-09-11T15:27:04","slug":"echange-ou-vente-darticles","status":"publish","type":"page","link":"https:\/\/soeurs-lumiere-lux.com\/index.php\/echange-ou-vente-darticles\/","title":{"rendered":"\u00c9change ou Vente d&#8217;Articles"},"content":{"rendered":"\t\t<div data-elementor-type=\"wp-page\" data-elementor-id=\"432\" class=\"elementor elementor-432\">\n\t\t\t\t<div class=\"elementor-element elementor-element-928e9a2 e-flex e-con-boxed e-con e-parent\" data-id=\"928e9a2\" data-element_type=\"container\">\n\t\t\t\t\t<div class=\"e-con-inner\">\n\t\t\t\t<div class=\"elementor-element elementor-element-c23a781 elementor-widget elementor-widget-heading\" data-id=\"c23a781\" data-element_type=\"widget\" data-widget_type=\"heading.default\">\n\t\t\t\t\t<h1 class=\"elementor-heading-title elementor-size-default\">\u00c9change ou Vente d'Articles<\/h1>\t\t\t\t<\/div>\n\t\t\t\t\t<\/div>\n\t\t\t\t<\/div>\n\t\t<div class=\"elementor-element elementor-element-0daa636 e-grid e-con-boxed e-con e-parent\" data-id=\"0daa636\" data-element_type=\"container\">\n\t\t\t\t\t<div class=\"e-con-inner\">\n\t\t<div class=\"elementor-element elementor-element-9b29318 e-flex e-con-boxed e-con e-child\" data-id=\"9b29318\" data-element_type=\"container\">\n\t\t\t\t\t<div class=\"e-con-inner\">\n\t\t\t\t<div class=\"elementor-element elementor-element-0ebe7d2 elementor-widget elementor-widget-text-editor\" data-id=\"0ebe7d2\" data-element_type=\"widget\" data-widget_type=\"text-editor.default\">\n\t\t\t\t\t\t\t\t\t<p>L\u2019association \u00ab\u00a0LES S\u0152URS DE LUMIERE\u00a0\u00bb va organiser des journ\u00e9es d\u2019\u00e9change et de vente d\u2019articles au profit de diverses causes, projets locaux, soutien aux femmes, etc&#8230;<\/p><p>Les dates, heures et lieux \u00e0 d\u00e9finir\u2026<\/p><h3>\ud83d\udc57\ud83d\udc60\ud83e\uddfa Venez vendre, \u00e9changer ou acheter :<\/h3><ul><li>V\u00eatements et accessoires femme\/enfant<\/li><li>Objets de d\u00e9coration, vaisselle, livres<\/li><li>Produits artisanaux fabriqu\u00e9s par les membres de l&#8217;association<\/li><\/ul><h3>\ud83d\udcac Objectif :<\/h3><p>Favoriser la solidarit\u00e9 entre femmes, donner une seconde vie aux objets et r\u00e9colter des fonds pour des aide d\u2019urgence, des actions de solidarit\u00e9 ou autres.<\/p><h3>\ud83d\udcde Infos &amp; Inscriptions :<\/h3><p>GSM\u00a0\u00a0\u00a0 : 00352 661 422 777<br \/><span style=\"font-size: 16px;\">E-mail \u00a0: s\u0153urs.lumiere.lux@gmail.com<br \/><\/span>R\u00e9seaux sociaux\u00a0:<\/p><h3>\ud83d\udc49 N\u2019h\u00e9sitez pas \u00e0 venir avec vos articles \u00e0 \u00e9changer ou \u00e0 vendre!<\/h3>\t\t\t\t\t\t\t\t<\/div>\n\t\t\t\t\t<\/div>\n\t\t\t\t<\/div>\n\t\t<div class=\"elementor-element elementor-element-8a11c6a e-flex e-con-boxed e-con e-child\" data-id=\"8a11c6a\" data-element_type=\"container\">\n\t\t\t\t\t<div class=\"e-con-inner\">\n\t\t\t\t\t<\/div>\n\t\t\t\t<\/div>\n\t\t<div class=\"elementor-element elementor-element-03b7af1 e-flex e-con-boxed e-con e-child\" data-id=\"03b7af1\" data-element_type=\"container\">\n\t\t\t\t\t<div class=\"e-con-inner\">\n\t\t\t\t\t<\/div>\n\t\t\t\t<\/div>\n\t\t<div class=\"elementor-element elementor-element-28b77cc e-con-full e-flex e-con e-child\" data-id=\"28b77cc\" data-element_type=\"container\">\n\t\t\t\t<\/div>\n\t\t<div class=\"elementor-element elementor-element-564ed46 e-con-full e-flex e-con e-child\" data-id=\"564ed46\" data-element_type=\"container\">\n\t\t\t\t<\/div>\n\t\t<div class=\"elementor-element elementor-element-0d2a148 e-con-full e-flex e-con e-child\" data-id=\"0d2a148\" data-element_type=\"container\">\n\t\t\t\t<\/div>\n\t\t<div class=\"elementor-element elementor-element-788ac57 e-con-full e-flex e-con e-child\" data-id=\"788ac57\" data-element_type=\"container\">\n\t\t\t\t<\/div>\n\t\t\t\t\t<\/div>\n\t\t\t\t<\/div>\n\t\t\t\t<\/div>\n\t\t","protected":false},"excerpt":{"rendered":"<p>\u00c9change ou Vente d&#8217;Articles L\u2019association \u00ab\u00a0LES S\u0152URS DE LUMIERE\u00a0\u00bb va organiser des journ\u00e9es d\u2019\u00e9change et de vente d\u2019articles au profit [&hellip;]<\/p>\n","protected":false},"author":1,"featured_media":0,"parent":0,"menu_order":0,"comment_status":"closed","ping_status":"closed","template":"","meta":{"site-sidebar-layout":"no-sidebar","site-content-layout":"","ast-site-content-layout":"full-width-container","site-content-style":"default","site-sidebar-style":"default","ast-global-header-display":"","ast-banner-title-visibility":"","ast-main-header-display":"","ast-hfb-above-header-display":"","ast-hfb-below-header-display":"","ast-hfb-mobile-header-display":"","site-post-title":"disabled","ast-breadcrumbs-content":"","ast-featured-img":"disabled","footer-sml-layout":"","theme-transparent-header-meta":"","adv-header-id-meta":"","stick-header-meta":"","header-above-stick-meta":"","header-main-stick-meta":"","header-below-stick-meta":"","astra-migrate-meta-layouts":"default","ast-page-background-enabled":"default","ast-page-background-meta":{"desktop":{"background-color":"var(--ast-global-color-5)","background-image":"","background-repeat":"repeat","background-position":"center center","background-size":"auto","background-attachment":"scroll","background-type":"","background-media":"","overlay-type":"","overlay-color":"","overlay-opacity":"","overlay-gradient":""},"tablet":{"background-color":"","background-image":"","background-repeat":"repeat","background-position":"center center","background-size":"auto","background-attachment":"scroll","background-type":"","background-media":"","overlay-type":"","overlay-color":"","overlay-opacity":"","overlay-gradient":""},"mobile":{"background-color":"","background-image":"","background-repeat":"repeat","background-position":"center center","background-size":"auto","background-attachment":"scroll","background-type":"","background-media":"","overlay-type":"","overlay-color":"","overlay-opacity":"","overlay-gradient":""}},"ast-content-background-meta":{"desktop":{"background-color":"var(--ast-global-color-4)","background-image":"","background-repeat":"repeat","background-position":"center center","background-size":"auto","background-attachment":"scroll","background-type":"","background-media":"","overlay-type":"","overlay-color":"","overlay-opacity":"","overlay-gradient":""},"tablet":{"background-color":"var(--ast-global-color-4)","background-image":"","background-repeat":"repeat","background-position":"center center","background-size":"auto","background-attachment":"scroll","background-type":"","background-media":"","overlay-type":"","overlay-color":"","overlay-opacity":"","overlay-gradient":""},"mobile":{"background-color":"var(--ast-global-color-4)","background-image":"","background-repeat":"repeat","background-position":"center center","background-size":"auto","background-attachment":"scroll","background-type":"","background-media":"","overlay-type":"","overlay-color":"","overlay-opacity":"","overlay-gradient":""}},"footnotes":""},"class_list":["post-432","page","type-page","status-publish","hentry"],"_links":{"self":[{"href":"https:\/\/soeurs-lumiere-lux.com\/index.php\/wp-json\/wp\/v2\/pages\/432","targetHints":{"allow":["GET"]}}],"collection":[{"href":"https:\/\/soeurs-lumiere-lux.com\/index.php\/wp-json\/wp\/v2\/pages"}],"about":[{"href":"https:\/\/soeurs-lumiere-lux.com\/index.php\/wp-json\/wp\/v2\/types\/page"}],"author":[{"embeddable":true,"href":"https:\/\/soeurs-lumiere-lux.com\/index.php\/wp-json\/wp\/v2\/users\/1"}],"replies":[{"embeddable":true,"href":"https:\/\/soeurs-lumiere-lux.com\/index.php\/wp-json\/wp\/v2\/comments?post=432"}],"version-history":[{"count":33,"href":"https:\/\/soeurs-lumiere-lux.com\/index.php\/wp-json\/wp\/v2\/pages\/432\/revisions"}],"predecessor-version":[{"id":799,"href":"https:\/\/soeurs-lumiere-lux.com\/index.php\/wp-json\/wp\/v2\/pages\/432\/revisions\/799"}],"wp:attachment":[{"href":"https:\/\/soeurs-lumiere-lux.com\/index.php\/wp-json\/wp\/v2\/media?parent=432"}],"curies":[{"name":"wp","href":"https:\/\/api.w.org\/{rel}","templated":true}]}}