{"id":431,"date":"2025-07-23T20:32:03","date_gmt":"2025-07-23T18:32:03","guid":{"rendered":"https:\/\/soeurs-lumiere-lux.com\/?page_id=431"},"modified":"2025-09-11T17:30:49","modified_gmt":"2025-09-11T15:30:49","slug":"fetes-kermesses","status":"publish","type":"page","link":"https:\/\/soeurs-lumiere-lux.com\/index.php\/fetes-kermesses\/","title":{"rendered":"F\u00eates &#038; Kermesses"},"content":{"rendered":"\t\t<div data-elementor-type=\"wp-page\" data-elementor-id=\"431\" class=\"elementor elementor-431\">\n\t\t\t\t<div class=\"elementor-element elementor-element-928e9a2 e-flex e-con-boxed e-con e-parent\" data-id=\"928e9a2\" data-element_type=\"container\">\n\t\t\t\t\t<div class=\"e-con-inner\">\n\t\t\t\t<div class=\"elementor-element elementor-element-c23a781 elementor-widget elementor-widget-heading\" data-id=\"c23a781\" data-element_type=\"widget\" data-widget_type=\"heading.default\">\n\t\t\t\t\t<h1 class=\"elementor-heading-title elementor-size-default\">F\u00eates &amp; Kermesses<\/h1>\t\t\t\t<\/div>\n\t\t\t\t\t<\/div>\n\t\t\t\t<\/div>\n\t\t<div class=\"elementor-element elementor-element-0daa636 e-grid e-con-boxed e-con e-parent\" data-id=\"0daa636\" data-element_type=\"container\">\n\t\t\t\t\t<div class=\"e-con-inner\">\n\t\t<div class=\"elementor-element elementor-element-9b29318 e-flex e-con-boxed e-con e-child\" data-id=\"9b29318\" data-element_type=\"container\">\n\t\t\t\t\t<div class=\"e-con-inner\">\n\t\t\t\t<div class=\"elementor-element elementor-element-3fae86c elementor-widget elementor-widget-image\" data-id=\"3fae86c\" data-element_type=\"widget\" data-widget_type=\"image.default\">\n\t\t\t\t\t\t\t\t\t\t\t\t\t\t\t<img fetchpriority=\"high\" decoding=\"async\" width=\"602\" height=\"142\" src=\"https:\/\/soeurs-lumiere-lux.com\/wp-content\/uploads\/2025\/07\/musiqCITE-sigle2.png\" class=\"attachment-large size-large wp-image-512\" alt=\"\" srcset=\"https:\/\/soeurs-lumiere-lux.com\/wp-content\/uploads\/2025\/07\/musiqCITE-sigle2.png 602w, https:\/\/soeurs-lumiere-lux.com\/wp-content\/uploads\/2025\/07\/musiqCITE-sigle2-300x71.png 300w\" sizes=\"(max-width: 602px) 100vw, 602px\" \/>\t\t\t\t\t\t\t\t\t\t\t\t\t\t\t<\/div>\n\t\t\t\t<div class=\"elementor-element elementor-element-cc95bdd elementor-widget elementor-widget-heading\" data-id=\"cc95bdd\" data-element_type=\"widget\" data-widget_type=\"heading.default\">\n\t\t\t\t\t<h3 class=\"elementor-heading-title elementor-size-default\">Edition 2025<\/h3>\t\t\t\t<\/div>\n\t\t\t\t<div class=\"elementor-element elementor-element-0ebe7d2 elementor-widget elementor-widget-text-editor\" data-id=\"0ebe7d2\" data-element_type=\"widget\" data-widget_type=\"text-editor.default\">\n\t\t\t\t\t\t\t\t\t<p>Quand\u00a0:<strong> Vendredi, 5 d\u00e9cembre 2025, \u00e0 partir de 19h<br \/><\/strong><span style=\"font-size: 16px;\">O\u00f9\u00a0 \u00a0 \u00a0 \u00a0 \u00a0:<\/span><strong style=\"font-size: 16px;\"> Hall Victor Hugo, Luxembourg-Ville<\/strong><\/p><p>Cette rencontre annuelle s\u2019int\u00e8gre dans le programme des actions de sensibilisation men\u00e9es par la Ville dans le domaine de l\u2019int\u00e9gration. Plusieurs groupes de musique amateurs affirment leur talent sur sc\u00e8ne et offrent au public de la musique, de la danse et du chant.<\/p><p>Musiciens et chanteurs ainsi que les associations repr\u00e9sentant diff\u00e9rentes cultures pr\u00e9sentes sur le territoire de la capitale sont invit\u00e9s \u00e0 participer et \u00e0 proposer des sp\u00e9cialit\u00e9s culinaires typiques\u202fde leur r\u00e9gion.<\/p><p>Cliquez sur le lien pour acc\u00e9der \u00e0 <a href=\"https:\/\/www.vdl.lu\/fr\/la-ville\/engagements-de-la-ville\/actions-sociales\/evenements-de-rencontre\/musiqcite\">l\u2019\u00e9v\u00e8nement<\/a>.<\/p>\t\t\t\t\t\t\t\t<\/div>\n\t\t\t\t\t<\/div>\n\t\t\t\t<\/div>\n\t\t<div class=\"elementor-element elementor-element-8a11c6a e-flex e-con-boxed e-con e-child\" data-id=\"8a11c6a\" data-element_type=\"container\">\n\t\t\t\t\t<div class=\"e-con-inner\">\n\t\t\t\t<div class=\"elementor-element elementor-element-6ec8e60 elementor-widget elementor-widget-image\" data-id=\"6ec8e60\" data-element_type=\"widget\" data-widget_type=\"image.default\">\n\t\t\t\t\t\t\t\t\t\t\t\t\t\t\t<img decoding=\"async\" width=\"605\" height=\"833\" src=\"https:\/\/soeurs-lumiere-lux.com\/wp-content\/uploads\/2025\/07\/Shoura-aididha2025.png\" class=\"attachment-large size-large wp-image-528\" alt=\"\" srcset=\"https:\/\/soeurs-lumiere-lux.com\/wp-content\/uploads\/2025\/07\/Shoura-aididha2025.png 605w, https:\/\/soeurs-lumiere-lux.com\/wp-content\/uploads\/2025\/07\/Shoura-aididha2025-218x300.png 218w\" sizes=\"(max-width: 605px) 100vw, 605px\" \/>\t\t\t\t\t\t\t\t\t\t\t\t\t\t\t<\/div>\n\t\t\t\t<div class=\"elementor-element elementor-element-2dffdce elementor-widget elementor-widget-heading\" data-id=\"2dffdce\" data-element_type=\"widget\" data-widget_type=\"heading.default\">\n\t\t\t\t\t<h2 class=\"elementor-heading-title elementor-size-default\">AID EL IDHA  -  OPEN AIR<\/h2>\t\t\t\t<\/div>\n\t\t\t\t<div class=\"elementor-element elementor-element-b48c655 elementor-widget elementor-widget-text-editor\" data-id=\"b48c655\" data-element_type=\"widget\" data-widget_type=\"text-editor.default\">\n\t\t\t\t\t\t\t\t\t<p>Quand\u00a0:<strong> Lundi, 9 juin 2025, \u00e0 partir de 11h<br \/><\/strong><span style=\"font-size: 16px;\">O\u00f9\u00a0 \u00a0 \u00a0 \u00a0 :<\/span><strong style=\"font-size: 16px;\"> Stade Emile Bintner, Gasperich<\/strong><\/p><p>Une belle tradition pratiqu\u00e9e depuis des ann\u00e9es au Luxembourg s\u2019est poursuivie : l\u2019A\u00efd al-Adha a cette ann\u00e9e encore \u00e9t\u00e9 c\u00e9l\u00e9br\u00e9 par une f\u00eate commune rassemblant les musulmans de toutes les mosqu\u00e9es r\u00e9unies au sein de la Shoura \u2013 l\u2019unique organe repr\u00e9sentatif des musulmans du Grand-Duch\u00e9.<\/p><p>Notre association \u00ab\u00a0LES S\u0152URS DE LUMIERE\u00a0\u00bb a eu l\u2019opportunit\u00e9 de louer un stand \u00e0 cette occasion et participer avec la SHOURA et les autres organisateurs pour offrir une belle f\u00eate \u00e0 la communaut\u00e9 musulmane.<\/p><p>Lien vers les photos de l\u2019\u00e9v\u00e8nement<br \/><a href=\"https:\/\/shoura.lu\/fr\/fete-traditionnelle-de-laid-al-adha-au-luxembourg-celebration-commune-des-musulmans-a-gasperich-galerie\/?fbclid=IwY2xjawLuxdxleHRuA2FlbQIxMQABHmcm5HKdz8vHk08aYPRhAvOSX6ZJFJsEpKUqXW-2VrA63RUIbICA-n6QvIAA_aem_Jg6oXNc3t8o5VB-n6xqsGQ\">F\u00eate traditionnelle de l\u2019A\u00efd al-Adha au Luxembourg : C\u00e9l\u00e9bration commune des musulmans \u00e0 Gasperich (gal\u00e9rie) &#8211; Shoura<\/a><\/p><p><strong style=\"font-size: 16px;\">Vid\u00e9os-photos wiam<\/strong><\/p>\t\t\t\t\t\t\t\t<\/div>\n\t\t\t\t\t<\/div>\n\t\t\t\t<\/div>\n\t\t<div class=\"elementor-element elementor-element-03b7af1 e-flex e-con-boxed e-con e-child\" data-id=\"03b7af1\" data-element_type=\"container\">\n\t\t\t\t\t<div class=\"e-con-inner\">\n\t\t\t\t\t<\/div>\n\t\t\t\t<\/div>\n\t\t<div class=\"elementor-element elementor-element-28b77cc e-con-full e-flex e-con e-child\" data-id=\"28b77cc\" data-element_type=\"container\">\n\t\t\t\t<\/div>\n\t\t<div class=\"elementor-element elementor-element-564ed46 e-con-full e-flex e-con e-child\" data-id=\"564ed46\" data-element_type=\"container\">\n\t\t\t\t<\/div>\n\t\t<div class=\"elementor-element elementor-element-0d2a148 e-con-full e-flex e-con e-child\" data-id=\"0d2a148\" data-element_type=\"container\">\n\t\t\t\t<\/div>\n\t\t<div class=\"elementor-element elementor-element-788ac57 e-con-full e-flex e-con e-child\" data-id=\"788ac57\" data-element_type=\"container\">\n\t\t\t\t<\/div>\n\t\t\t\t\t<\/div>\n\t\t\t\t<\/div>\n\t\t\t\t<\/div>\n\t\t","protected":false},"excerpt":{"rendered":"<p>F\u00eates &amp; Kermesses Edition 2025 Quand\u00a0: Vendredi, 5 d\u00e9cembre 2025, \u00e0 partir de 19hO\u00f9\u00a0 \u00a0 \u00a0 \u00a0 \u00a0: Hall Victor [&hellip;]<\/p>\n","protected":false},"author":1,"featured_media":0,"parent":0,"menu_order":0,"comment_status":"closed","ping_status":"closed","template":"","meta":{"site-sidebar-layout":"no-sidebar","site-content-layout":"","ast-site-content-layout":"full-width-container","site-content-style":"default","site-sidebar-style":"default","ast-global-header-display":"","ast-banner-title-visibility":"","ast-main-header-display":"","ast-hfb-above-header-display":"","ast-hfb-below-header-display":"","ast-hfb-mobile-header-display":"","site-post-title":"disabled","ast-breadcrumbs-content":"","ast-featured-img":"disabled","footer-sml-layout":"","theme-transparent-header-meta":"","adv-header-id-meta":"","stick-header-meta":"","header-above-stick-meta":"","header-main-stick-meta":"","header-below-stick-meta":"","astra-migrate-meta-layouts":"default","ast-page-background-enabled":"default","ast-page-background-meta":{"desktop":{"background-color":"var(--ast-global-color-5)","background-image":"","background-repeat":"repeat","background-position":"center center","background-size":"auto","background-attachment":"scroll","background-type":"","background-media":"","overlay-type":"","overlay-color":"","overlay-opacity":"","overlay-gradient":""},"tablet":{"background-color":"","background-image":"","background-repeat":"repeat","background-position":"center center","background-size":"auto","background-attachment":"scroll","background-type":"","background-media":"","overlay-type":"","overlay-color":"","overlay-opacity":"","overlay-gradient":""},"mobile":{"background-color":"","background-image":"","background-repeat":"repeat","background-position":"center center","background-size":"auto","background-attachment":"scroll","background-type":"","background-media":"","overlay-type":"","overlay-color":"","overlay-opacity":"","overlay-gradient":""}},"ast-content-background-meta":{"desktop":{"background-color":"var(--ast-global-color-4)","background-image":"","background-repeat":"repeat","background-position":"center center","background-size":"auto","background-attachment":"scroll","background-type":"","background-media":"","overlay-type":"","overlay-color":"","overlay-opacity":"","overlay-gradient":""},"tablet":{"background-color":"var(--ast-global-color-4)","background-image":"","background-repeat":"repeat","background-position":"center center","background-size":"auto","background-attachment":"scroll","background-type":"","background-media":"","overlay-type":"","overlay-color":"","overlay-opacity":"","overlay-gradient":""},"mobile":{"background-color":"var(--ast-global-color-4)","background-image":"","background-repeat":"repeat","background-position":"center center","background-size":"auto","background-attachment":"scroll","background-type":"","background-media":"","overlay-type":"","overlay-color":"","overlay-opacity":"","overlay-gradient":""}},"footnotes":""},"class_list":["post-431","page","type-page","status-publish","hentry"],"_links":{"self":[{"href":"https:\/\/soeurs-lumiere-lux.com\/index.php\/wp-json\/wp\/v2\/pages\/431","targetHints":{"allow":["GET"]}}],"collection":[{"href":"https:\/\/soeurs-lumiere-lux.com\/index.php\/wp-json\/wp\/v2\/pages"}],"about":[{"href":"https:\/\/soeurs-lumiere-lux.com\/index.php\/wp-json\/wp\/v2\/types\/page"}],"author":[{"embeddable":true,"href":"https:\/\/soeurs-lumiere-lux.com\/index.php\/wp-json\/wp\/v2\/users\/1"}],"replies":[{"embeddable":true,"href":"https:\/\/soeurs-lumiere-lux.com\/index.php\/wp-json\/wp\/v2\/comments?post=431"}],"version-history":[{"count":54,"href":"https:\/\/soeurs-lumiere-lux.com\/index.php\/wp-json\/wp\/v2\/pages\/431\/revisions"}],"predecessor-version":[{"id":805,"href":"https:\/\/soeurs-lumiere-lux.com\/index.php\/wp-json\/wp\/v2\/pages\/431\/revisions\/805"}],"wp:attachment":[{"href":"https:\/\/soeurs-lumiere-lux.com\/index.php\/wp-json\/wp\/v2\/media?parent=431"}],"curies":[{"name":"wp","href":"https:\/\/api.w.org\/{rel}","templated":true}]}}