{"id":418,"date":"2025-07-23T20:22:39","date_gmt":"2025-07-23T18:22:39","guid":{"rendered":"https:\/\/soeurs-lumiere-lux.com\/?page_id=418"},"modified":"2025-09-11T16:51:26","modified_gmt":"2025-09-11T14:51:26","slug":"rencontres-mensuelles","status":"publish","type":"page","link":"https:\/\/soeurs-lumiere-lux.com\/index.php\/rencontres-mensuelles\/","title":{"rendered":"Rencontres mensuelles"},"content":{"rendered":"\t\t<div data-elementor-type=\"wp-page\" data-elementor-id=\"418\" class=\"elementor elementor-418\">\n\t\t\t\t<div class=\"elementor-element elementor-element-928e9a2 e-flex e-con-boxed e-con e-parent\" data-id=\"928e9a2\" data-element_type=\"container\">\n\t\t\t\t\t<div class=\"e-con-inner\">\n\t\t\t\t<div class=\"elementor-element elementor-element-c23a781 elementor-widget elementor-widget-heading\" data-id=\"c23a781\" data-element_type=\"widget\" data-widget_type=\"heading.default\">\n\t\t\t\t\t<h1 class=\"elementor-heading-title elementor-size-default\">Rencontres mensuelles<\/h1>\t\t\t\t<\/div>\n\t\t\t\t\t<\/div>\n\t\t\t\t<\/div>\n\t\t<div class=\"elementor-element elementor-element-0daa636 e-grid e-con-boxed e-con e-parent\" data-id=\"0daa636\" data-element_type=\"container\">\n\t\t\t\t\t<div class=\"e-con-inner\">\n\t\t<div class=\"elementor-element elementor-element-9b29318 e-flex e-con-boxed e-con e-child\" data-id=\"9b29318\" data-element_type=\"container\">\n\t\t\t\t\t<div class=\"e-con-inner\">\n\t\t\t\t<div class=\"elementor-element elementor-element-cc95bdd elementor-widget elementor-widget-heading\" data-id=\"cc95bdd\" data-element_type=\"widget\" data-widget_type=\"heading.default\">\n\t\t\t\t\t<h3 class=\"elementor-heading-title elementor-size-default\">1\u00e8 rencontre mensuelle<\/h3>\t\t\t\t<\/div>\n\t\t\t\t<div class=\"elementor-element elementor-element-0ebe7d2 elementor-widget elementor-widget-text-editor\" data-id=\"0ebe7d2\" data-element_type=\"widget\" data-widget_type=\"text-editor.default\">\n\t\t\t\t\t\t\t\t\t<p>Date\u00a0 \u00a0: Samedi 4 octobre 2025<br \/>Heure : 14h-17h<br \/>Lieu\u00a0 \u00a0 : \u00e0 d\u00e9finir\u00a0<\/p>\t\t\t\t\t\t\t\t<\/div>\n\t\t\t\t\t<\/div>\n\t\t\t\t<\/div>\n\t\t<div class=\"elementor-element elementor-element-8a11c6a e-flex e-con-boxed e-con e-child\" data-id=\"8a11c6a\" data-element_type=\"container\">\n\t\t\t\t\t<div class=\"e-con-inner\">\n\t\t\t\t\t<\/div>\n\t\t\t\t<\/div>\n\t\t<div class=\"elementor-element elementor-element-03b7af1 e-flex e-con-boxed e-con e-child\" data-id=\"03b7af1\" data-element_type=\"container\">\n\t\t\t\t\t<div class=\"e-con-inner\">\n\t\t\t\t<div class=\"elementor-element elementor-element-9e44b9c elementor-widget elementor-widget-text-editor\" data-id=\"9e44b9c\" data-element_type=\"widget\" data-widget_type=\"text-editor.default\">\n\t\t\t\t\t\t\t\t\t<p>L&#8217;association <strong>LES S\u0152URS DE LUMIERE<\/strong> a le plaisir d&#8217;inviter toutes les dames et les jeunes filles \u00e0 ses <strong>rencontres mensuelles<\/strong>, pour des moments privil\u00e9gi\u00e9s d\u2019\u00e9change, de r\u00e9flexion et de sororit\u00e9.<\/p><p>\ud83d\udcc5 <strong>Quand ?<\/strong><\/p><p>Chaque assise est normalement pr\u00e9vue le 2nd samedi du mois.<br \/>Mais cela peut changer en fonction des circonstances et officiellement annonc\u00e9 sur notre site.<\/p><p>\ud83d\udccd <strong>O\u00f9 ?<\/strong><\/p><p>Les S\u0153urs de Lumi\u00e8re recourent \u00e0 la location de salle pour leurs rencontres mensuelles. Mais elles sont les bienvenues dans beaucoup de mosqu\u00e9es au Luxembourg.<\/p><p>\ud83d\udd52 <strong>Heure :<\/strong> 14h-17h<\/p><p><strong>\ud83d\udcda<\/strong><strong> Au programme :<\/strong><\/p><p>Chaque mois, nous aborderons un <strong>th\u00e8me diff\u00e9rent<\/strong> lors d\u2019un <strong>s\u00e9minaire enrichissant<\/strong>, anim\u00e9 par des intervenantes inspirantes ou des membres de l&#8217;association.<\/p><p>Exemples de sujets :<\/p><ul><li>\ud83d\udcac D\u00e9veloppement personnel &amp; estime de soi<\/li><li>\ud83d\udc69\u200d\ud83d\udcbc Leadership et entreprenariat f\u00e9minin<\/li><li>\ud83e\udde0 Sant\u00e9 mentale &amp; bien-\u00eatre<\/li><li>\ud83e\udd32 Solidarit\u00e9, entraide et spiritualit\u00e9<\/li><li>\ud83d\udca1 Ateliers pratiques : couture, \u00e9criture, cuisine, etc.<\/li><\/ul><p><strong>\ud83c\udfaf<\/strong><strong> Objectifs :<\/strong><\/p><ul><li>Cr\u00e9er un espace d\u2019\u00e9coute, de partage et d\u2019apprentissage<\/li><li>Renforcer les liens entre s\u0153urs de la communaut\u00e9<\/li><li>Encourager l\u2019autonomie, la confiance et la croissance collective.<\/li><\/ul><p>\ud83c\udf81 <strong>Participation libre<\/strong> \u2013 Chacune peut proposer un sujet ou animer une session !<\/p><p>\ud83d\ude4f Toutes les s\u0153urs sont les bienvenues, dans un esprit d\u2019ouverture, de respect et de bienveillance.<\/p>\t\t\t\t\t\t\t\t<\/div>\n\t\t\t\t\t<\/div>\n\t\t\t\t<\/div>\n\t\t<div class=\"elementor-element elementor-element-28b77cc e-con-full e-flex e-con e-child\" data-id=\"28b77cc\" data-element_type=\"container\">\n\t\t\t\t<\/div>\n\t\t<div class=\"elementor-element elementor-element-564ed46 e-con-full e-flex e-con e-child\" data-id=\"564ed46\" data-element_type=\"container\">\n\t\t\t\t<\/div>\n\t\t<div class=\"elementor-element elementor-element-0d2a148 e-con-full e-flex e-con e-child\" data-id=\"0d2a148\" data-element_type=\"container\">\n\t\t\t\t<\/div>\n\t\t<div class=\"elementor-element elementor-element-788ac57 e-con-full e-flex e-con e-child\" data-id=\"788ac57\" data-element_type=\"container\">\n\t\t\t\t<\/div>\n\t\t\t\t\t<\/div>\n\t\t\t\t<\/div>\n\t\t\t\t<\/div>\n\t\t","protected":false},"excerpt":{"rendered":"<p>Rencontres mensuelles 1\u00e8 rencontre mensuelle Date\u00a0 \u00a0: Samedi 4 octobre 2025Heure : 14h-17hLieu\u00a0 \u00a0 : \u00e0 d\u00e9finir\u00a0 L&#8217;association LES S\u0152URS [&hellip;]<\/p>\n","protected":false},"author":1,"featured_media":0,"parent":0,"menu_order":0,"comment_status":"closed","ping_status":"closed","template":"","meta":{"site-sidebar-layout":"no-sidebar","site-content-layout":"","ast-site-content-layout":"full-width-container","site-content-style":"default","site-sidebar-style":"default","ast-global-header-display":"","ast-banner-title-visibility":"","ast-main-header-display":"","ast-hfb-above-header-display":"","ast-hfb-below-header-display":"","ast-hfb-mobile-header-display":"","site-post-title":"disabled","ast-breadcrumbs-content":"","ast-featured-img":"disabled","footer-sml-layout":"","theme-transparent-header-meta":"","adv-header-id-meta":"","stick-header-meta":"","header-above-stick-meta":"","header-main-stick-meta":"","header-below-stick-meta":"","astra-migrate-meta-layouts":"default","ast-page-background-enabled":"default","ast-page-background-meta":{"desktop":{"background-color":"var(--ast-global-color-5)","background-image":"","background-repeat":"repeat","background-position":"center center","background-size":"auto","background-attachment":"scroll","background-type":"","background-media":"","overlay-type":"","overlay-color":"","overlay-opacity":"","overlay-gradient":""},"tablet":{"background-color":"","background-image":"","background-repeat":"repeat","background-position":"center center","background-size":"auto","background-attachment":"scroll","background-type":"","background-media":"","overlay-type":"","overlay-color":"","overlay-opacity":"","overlay-gradient":""},"mobile":{"background-color":"","background-image":"","background-repeat":"repeat","background-position":"center center","background-size":"auto","background-attachment":"scroll","background-type":"","background-media":"","overlay-type":"","overlay-color":"","overlay-opacity":"","overlay-gradient":""}},"ast-content-background-meta":{"desktop":{"background-color":"var(--ast-global-color-4)","background-image":"","background-repeat":"repeat","background-position":"center center","background-size":"auto","background-attachment":"scroll","background-type":"","background-media":"","overlay-type":"","overlay-color":"","overlay-opacity":"","overlay-gradient":""},"tablet":{"background-color":"var(--ast-global-color-4)","background-image":"","background-repeat":"repeat","background-position":"center center","background-size":"auto","background-attachment":"scroll","background-type":"","background-media":"","overlay-type":"","overlay-color":"","overlay-opacity":"","overlay-gradient":""},"mobile":{"background-color":"var(--ast-global-color-4)","background-image":"","background-repeat":"repeat","background-position":"center center","background-size":"auto","background-attachment":"scroll","background-type":"","background-media":"","overlay-type":"","overlay-color":"","overlay-opacity":"","overlay-gradient":""}},"footnotes":""},"class_list":["post-418","page","type-page","status-publish","hentry"],"_links":{"self":[{"href":"https:\/\/soeurs-lumiere-lux.com\/index.php\/wp-json\/wp\/v2\/pages\/418","targetHints":{"allow":["GET"]}}],"collection":[{"href":"https:\/\/soeurs-lumiere-lux.com\/index.php\/wp-json\/wp\/v2\/pages"}],"about":[{"href":"https:\/\/soeurs-lumiere-lux.com\/index.php\/wp-json\/wp\/v2\/types\/page"}],"author":[{"embeddable":true,"href":"https:\/\/soeurs-lumiere-lux.com\/index.php\/wp-json\/wp\/v2\/users\/1"}],"replies":[{"embeddable":true,"href":"https:\/\/soeurs-lumiere-lux.com\/index.php\/wp-json\/wp\/v2\/comments?post=418"}],"version-history":[{"count":21,"href":"https:\/\/soeurs-lumiere-lux.com\/index.php\/wp-json\/wp\/v2\/pages\/418\/revisions"}],"predecessor-version":[{"id":764,"href":"https:\/\/soeurs-lumiere-lux.com\/index.php\/wp-json\/wp\/v2\/pages\/418\/revisions\/764"}],"wp:attachment":[{"href":"https:\/\/soeurs-lumiere-lux.com\/index.php\/wp-json\/wp\/v2\/media?parent=418"}],"curies":[{"name":"wp","href":"https:\/\/api.w.org\/{rel}","templated":true}]}}