{"id":154,"date":"2025-07-22T19:05:56","date_gmt":"2025-07-22T17:05:56","guid":{"rendered":"https:\/\/soeurs-lumiere-lux.com\/?page_id=154"},"modified":"2025-09-11T16:39:04","modified_gmt":"2025-09-11T14:39:04","slug":"nos-valeurs","status":"publish","type":"page","link":"https:\/\/soeurs-lumiere-lux.com\/index.php\/nos-valeurs\/","title":{"rendered":"Nos Valeurs"},"content":{"rendered":"\t\t<div data-elementor-type=\"wp-page\" data-elementor-id=\"154\" class=\"elementor elementor-154\">\n\t\t\t\t<div class=\"elementor-element elementor-element-cd7bfb1 e-flex e-con-boxed e-con e-parent\" data-id=\"cd7bfb1\" data-element_type=\"container\">\n\t\t\t\t\t<div class=\"e-con-inner\">\n\t\t\t\t<div class=\"elementor-element elementor-element-9b2970f elementor-widget elementor-widget-heading\" data-id=\"9b2970f\" data-element_type=\"widget\" data-widget_type=\"heading.default\">\n\t\t\t\t\t<h2 class=\"elementor-heading-title elementor-size-default\">Nos Valeurs<\/h2>\t\t\t\t<\/div>\n\t\t\t\t<div class=\"elementor-element elementor-element-feb5007 elementor-widget elementor-widget-text-editor\" data-id=\"feb5007\" data-element_type=\"widget\" data-widget_type=\"text-editor.default\">\n\t\t\t\t\t\t\t\t\t<p><b>NOTRE SLOGAN : L\u2019UNION POUR l\u2019ELEVATION<\/b><\/p>\t\t\t\t\t\t\t\t<\/div>\n\t\t\t\t<div class=\"elementor-element elementor-element-5c4c9c7 elementor-widget elementor-widget-text-editor\" data-id=\"5c4c9c7\" data-element_type=\"widget\" data-widget_type=\"text-editor.default\">\n\t\t\t\t\t\t\t\t\t<article class=\"text-token-text-primary w-full\" dir=\"auto\" data-testid=\"conversation-turn-2\" data-scroll-anchor=\"false\"><div class=\"text-base my-auto mx-auto [--thread-content-margin:--spacing(4)] @[37rem]:[--thread-content-margin:--spacing(6)] @[72rem]:[--thread-content-margin:--spacing(16)] px-(--thread-content-margin)\"><div class=\"[--thread-content-max-width:32rem] @[34rem]:[--thread-content-max-width:40rem] @[64rem]:[--thread-content-max-width:48rem] mx-auto max-w-(--thread-content-max-width) flex-1 group\/turn-messages focus-visible:outline-hidden relative flex w-full min-w-0 flex-col agent-turn\" tabindex=\"-1\"><div class=\"flex max-w-full flex-col grow\"><div class=\"min-h-8 text-message relative flex w-full flex-col items-end gap-2 text-start break-words whitespace-normal [.text-message+&amp;]:mt-5\" dir=\"auto\" data-message-author-role=\"assistant\" data-message-id=\"47cb5686-d43b-46f9-9afa-83769d7d504a\" data-message-model-slug=\"gpt-4o\"><div class=\"flex w-full flex-col gap-1 empty:hidden first:pt-[3px]\"><div class=\"markdown prose dark:prose-invert w-full break-words light\"><h3 data-start=\"148\" data-end=\"166\"><img decoding=\"async\" class=\"emoji\" role=\"img\" draggable=\"false\" src=\"https:\/\/s.w.org\/images\/core\/emoji\/16.0.1\/svg\/1f4a0.svg\" alt=\"\ud83d\udca0\" \/> <strong data-start=\"155\" data-end=\"166\">RESPECT<\/strong><\/h3><p data-start=\"167\" data-end=\"424\">Le respect est la base de toute relation humaine harmonieuse. L\u2019association veille \u00e0 promouvoir le respect de soi, des autres femmes, de la diversit\u00e9, des id\u00e9es, des parcours et des cultures. Chacune m\u00e9rite d\u2019\u00eatre \u00e9cout\u00e9e, valoris\u00e9e et trait\u00e9e avec dignit\u00e9.<\/p><h3 data-start=\"431\" data-end=\"452\"><img decoding=\"async\" class=\"emoji\" role=\"img\" draggable=\"false\" src=\"https:\/\/s.w.org\/images\/core\/emoji\/16.0.1\/svg\/1f4a0.svg\" alt=\"\ud83d\udca0\" \/> <strong data-start=\"438\" data-end=\"452\">FRATERNIT\u00c9<\/strong><\/h3><p data-start=\"453\" data-end=\"649\">La fraternit\u00e9 unit les membres dans un esprit de sororit\u00e9 et de soutien mutuel. Elle favorise un climat de confiance, d\u2019entraide et de partage, essentiel \u00e0 l\u2019\u00e9panouissement personnel et collectif.<\/p><h3 data-start=\"656\" data-end=\"680\"><img decoding=\"async\" class=\"emoji\" role=\"img\" draggable=\"false\" src=\"https:\/\/s.w.org\/images\/core\/emoji\/16.0.1\/svg\/1f4a0.svg\" alt=\"\ud83d\udca0\" \/> <strong data-start=\"663\" data-end=\"680\">D\u00c9VELOPPEMENT<\/strong><\/h3><p data-start=\"681\" data-end=\"890\">L\u2019association \u0153uvre pour le d\u00e9veloppement personnel, professionnel, \u00e9conomique et social des femmes. Elle encourage l&#8217;autonomie, l&#8217;entrepreneuriat, la formation continue et l&#8217;acc\u00e8s \u00e0 de nouvelles opportunit\u00e9s.<\/p><h3 data-start=\"897\" data-end=\"917\"><img decoding=\"async\" class=\"emoji\" role=\"img\" draggable=\"false\" src=\"https:\/\/s.w.org\/images\/core\/emoji\/16.0.1\/svg\/1f4a0.svg\" alt=\"\ud83d\udca0\" \/> <strong data-start=\"904\" data-end=\"917\">BIEN-\u00caTRE<\/strong><\/h3><p data-start=\"918\" data-end=\"1161\">Le bien-\u00eatre des femmes est une priorit\u00e9. L\u2019association promeut un environnement sain, \u00e9quilibr\u00e9 et \u00e9panouissant, tant sur le plan physique que mental et \u00e9motionnel. Elle milite pour une meilleure qualit\u00e9 de vie et la sant\u00e9 globale des femmes.<\/p><h3 data-start=\"1168\" data-end=\"1189\"><img decoding=\"async\" class=\"emoji\" role=\"img\" draggable=\"false\" src=\"https:\/\/s.w.org\/images\/core\/emoji\/16.0.1\/svg\/1f4a0.svg\" alt=\"\ud83d\udca0\" \/> <strong data-start=\"1175\" data-end=\"1189\">SOLIDARIT\u00c9<\/strong><\/h3><p data-start=\"1190\" data-end=\"1407\">La solidarit\u00e9 est au c\u0153ur de l\u2019action collective. L\u2019association soutient les femmes en situation de vuln\u00e9rabilit\u00e9, cr\u00e9e des r\u00e9seaux de soutien, et agit pour que personne ne soit laiss\u00e9e de c\u00f4t\u00e9. Ensemble, plus fortes.<\/p><\/div><\/div><\/div><\/div><\/div><\/div><\/article>\t\t\t\t\t\t\t\t<\/div>\n\t\t\t\t\t<\/div>\n\t\t\t\t<\/div>\n\t\t\t\t<\/div>\n\t\t","protected":false},"excerpt":{"rendered":"<p>Nos Valeurs NOTRE SLOGAN : L\u2019UNION POUR l\u2019ELEVATION RESPECT Le respect est la base de toute relation humaine harmonieuse. L\u2019association [&hellip;]<\/p>\n","protected":false},"author":1,"featured_media":0,"parent":0,"menu_order":0,"comment_status":"closed","ping_status":"closed","template":"","meta":{"site-sidebar-layout":"no-sidebar","site-content-layout":"","ast-site-content-layout":"full-width-container","site-content-style":"default","site-sidebar-style":"default","ast-global-header-display":"","ast-banner-title-visibility":"","ast-main-header-display":"","ast-hfb-above-header-display":"","ast-hfb-below-header-display":"","ast-hfb-mobile-header-display":"","site-post-title":"disabled","ast-breadcrumbs-content":"","ast-featured-img":"disabled","footer-sml-layout":"","theme-transparent-header-meta":"","adv-header-id-meta":"","stick-header-meta":"","header-above-stick-meta":"","header-main-stick-meta":"","header-below-stick-meta":"","astra-migrate-meta-layouts":"default","ast-page-background-enabled":"default","ast-page-background-meta":{"desktop":{"background-color":"var(--ast-global-color-5)","background-image":"","background-repeat":"repeat","background-position":"center center","background-size":"auto","background-attachment":"scroll","background-type":"","background-media":"","overlay-type":"","overlay-color":"","overlay-opacity":"","overlay-gradient":""},"tablet":{"background-color":"","background-image":"","background-repeat":"repeat","background-position":"center center","background-size":"auto","background-attachment":"scroll","background-type":"","background-media":"","overlay-type":"","overlay-color":"","overlay-opacity":"","overlay-gradient":""},"mobile":{"background-color":"","background-image":"","background-repeat":"repeat","background-position":"center center","background-size":"auto","background-attachment":"scroll","background-type":"","background-media":"","overlay-type":"","overlay-color":"","overlay-opacity":"","overlay-gradient":""}},"ast-content-background-meta":{"desktop":{"background-color":"var(--ast-global-color-4)","background-image":"","background-repeat":"repeat","background-position":"center center","background-size":"auto","background-attachment":"scroll","background-type":"","background-media":"","overlay-type":"","overlay-color":"","overlay-opacity":"","overlay-gradient":""},"tablet":{"background-color":"var(--ast-global-color-4)","background-image":"","background-repeat":"repeat","background-position":"center center","background-size":"auto","background-attachment":"scroll","background-type":"","background-media":"","overlay-type":"","overlay-color":"","overlay-opacity":"","overlay-gradient":""},"mobile":{"background-color":"var(--ast-global-color-4)","background-image":"","background-repeat":"repeat","background-position":"center center","background-size":"auto","background-attachment":"scroll","background-type":"","background-media":"","overlay-type":"","overlay-color":"","overlay-opacity":"","overlay-gradient":""}},"footnotes":""},"class_list":["post-154","page","type-page","status-publish","hentry"],"_links":{"self":[{"href":"https:\/\/soeurs-lumiere-lux.com\/index.php\/wp-json\/wp\/v2\/pages\/154","targetHints":{"allow":["GET"]}}],"collection":[{"href":"https:\/\/soeurs-lumiere-lux.com\/index.php\/wp-json\/wp\/v2\/pages"}],"about":[{"href":"https:\/\/soeurs-lumiere-lux.com\/index.php\/wp-json\/wp\/v2\/types\/page"}],"author":[{"embeddable":true,"href":"https:\/\/soeurs-lumiere-lux.com\/index.php\/wp-json\/wp\/v2\/users\/1"}],"replies":[{"embeddable":true,"href":"https:\/\/soeurs-lumiere-lux.com\/index.php\/wp-json\/wp\/v2\/comments?post=154"}],"version-history":[{"count":73,"href":"https:\/\/soeurs-lumiere-lux.com\/index.php\/wp-json\/wp\/v2\/pages\/154\/revisions"}],"predecessor-version":[{"id":733,"href":"https:\/\/soeurs-lumiere-lux.com\/index.php\/wp-json\/wp\/v2\/pages\/154\/revisions\/733"}],"wp:attachment":[{"href":"https:\/\/soeurs-lumiere-lux.com\/index.php\/wp-json\/wp\/v2\/media?parent=154"}],"curies":[{"name":"wp","href":"https:\/\/api.w.org\/{rel}","templated":true}]}}